{"id":983,"date":"2025-06-22T14:41:34","date_gmt":"2025-06-22T14:41:34","guid":{"rendered":"https:\/\/eye-of-storm.com\/?page_id=983"},"modified":"2025-06-22T18:46:37","modified_gmt":"2025-06-22T18:46:37","slug":"a-propos","status":"publish","type":"page","link":"https:\/\/eye-of-storm.com\/en\/a-propos\/","title":{"rendered":"About"},"content":{"rendered":"<p>Eye Of Storm is an idea that has been germinating for many years.<\/p>\n\n\n\n<p>For a very long time, I've dreamed of seeing albums that are \"cult\" for me released on vinyl. These are mainly albums from the French and Swiss post-hardcore\/metal, emo\/screamo, math\/post-rock scene of the 2000s, but not only...\u00a0<\/p>\n\n\n\n<p>Some of these albums have, many years later, received the vinyl treatment, but not enough. There are still many that truly deserve to be (re)released on this format.<\/p>\n\n\n\n<p>I always told myself that one day I would have to take the plunge and do it by myself and... here we are.<\/p>\n\n\n\n<p>Eye Of Storm Records is not a business, it's even more of a financial risk with each release (i.e. I'm actually leaving money there)<\/p>\n\n\n\n<p>Depending on how this project evolves and its success, the scope may expand and EOS may one day produce new albums\/artists or some releases may touch on other musical styles. Who knows? \ud83d\ude42&nbsp;<\/p>\n\n\n\n<p>As for the name, in addition to the personal meaning, Eye Of Storm represents the opposition between calm and violence, like the music that this label wishes to highlight.<\/p>\n\n\n\n<p>Another duality: the initials, EOS, evoke the goddess of the dawn in Greek mythology. Like the eye of the storm, it represents the moment of calm that precedes agitation.<\/p>\n\n\n\n<p>This goddess is an alternate visual theme that will return on certain limited releases.<\/p>","protected":false},"excerpt":{"rendered":"<p>Eye Of Storm est id\u00e9e qui germe depuis de nombreuses ann\u00e9es. Depuis tr\u00e8s longtemps, je r\u00eave de voir sortir en vinyl des albums qui sont \u00ab\u00a0cultes\u00a0\u00bb pour moi. Il s&rsquo;agit [&hellip;]<\/p>","protected":false},"author":1,"featured_media":0,"parent":0,"menu_order":0,"comment_status":"closed","ping_status":"closed","template":"","meta":{"om_disable_all_campaigns":false,"_uag_custom_page_level_css":"","_monsterinsights_skip_tracking":false,"_monsterinsights_sitenote_active":false,"_monsterinsights_sitenote_note":"","_monsterinsights_sitenote_category":0,"footnotes":""},"class_list":["post-983","page","type-page","status-publish","hentry"],"aioseo_notices":[],"uagb_featured_image_src":{"full":false,"thumbnail":false,"medium":false,"medium_large":false,"large":false,"1536x1536":false,"2048x2048":false,"trp-custom-language-flag":false,"botiga-extra-large":false,"botiga-large":false,"botiga-big":false,"botiga-medium":false,"woocommerce_thumbnail":false,"woocommerce_single":false,"woocommerce_gallery_thumbnail":false},"uagb_author_info":{"display_name":"Test John","author_link":"https:\/\/eye-of-storm.com\/en\/author\/jonathan-gestgmail-com\/"},"uagb_comment_info":0,"uagb_excerpt":"Eye Of Storm est id\u00e9e qui germe depuis de nombreuses ann\u00e9es. Depuis tr\u00e8s longtemps, je r\u00eave de voir sortir en vinyl des albums qui sont \u00ab\u00a0cultes\u00a0\u00bb pour moi. Il s&rsquo;agit [&hellip;]","_links":{"self":[{"href":"https:\/\/eye-of-storm.com\/en\/wp-json\/wp\/v2\/pages\/983","targetHints":{"allow":["GET"]}}],"collection":[{"href":"https:\/\/eye-of-storm.com\/en\/wp-json\/wp\/v2\/pages"}],"about":[{"href":"https:\/\/eye-of-storm.com\/en\/wp-json\/wp\/v2\/types\/page"}],"author":[{"embeddable":true,"href":"https:\/\/eye-of-storm.com\/en\/wp-json\/wp\/v2\/users\/1"}],"replies":[{"embeddable":true,"href":"https:\/\/eye-of-storm.com\/en\/wp-json\/wp\/v2\/comments?post=983"}],"version-history":[{"count":2,"href":"https:\/\/eye-of-storm.com\/en\/wp-json\/wp\/v2\/pages\/983\/revisions"}],"predecessor-version":[{"id":999,"href":"https:\/\/eye-of-storm.com\/en\/wp-json\/wp\/v2\/pages\/983\/revisions\/999"}],"wp:attachment":[{"href":"https:\/\/eye-of-storm.com\/en\/wp-json\/wp\/v2\/media?parent=983"}],"curies":[{"name":"wp","href":"https:\/\/api.w.org\/{rel}","templated":true}]}}