{"id":1184,"date":"2025-09-09T13:16:11","date_gmt":"2025-09-09T13:16:11","guid":{"rendered":"https:\/\/eye-of-storm.com\/?post_type=product&#038;p=1184"},"modified":"2026-04-06T15:03:00","modified_gmt":"2026-04-06T15:03:00","slug":"ropes-inside-a-hole-a-man-and-his-nature-12%e2%80%b3","status":"publish","type":"product","link":"https:\/\/eye-of-storm.com\/en\/product\/ropes-inside-a-hole-a-man-and-his-nature-12%e2%80%b3\/","title":{"rendered":"ROPES INSIDE A HOLE &#8211; A Man And His Nature &#8211; 12\u2033"},"content":{"rendered":"<p>Nature edition : half smoky transparent blue \/ half smoky transparent green, ltd 150<\/p>","protected":false},"excerpt":{"rendered":"<p>Italian melancholic Post-rock\/Post-metal. A mix of intensity and delicacy incorporating violin and saxophone, all carried by Daniel Loefgren (Suffocate For Fuck Sake) on vocals and Magnus Lindberg on mastering.<\/p>\n<p>&nbsp;<\/p>\n<p><iframe style=\"border: 0; width: 100%; height: 120px;\" src=\"https:\/\/bandcamp.com\/EmbeddedPlayer\/album=1112046161\/size=large\/bgcol=ffffff\/linkcol=0687f5\/tracklist=false\/artwork=small\/transparent=true\/\" seamless=\"\"><a href=\"https:\/\/ropesinsideahole.bandcamp.com\/album\/a-man-and-his-nature\">A Man And His Nature de Ropes Inside A Hole<\/a><\/iframe><\/p>","protected":false},"featured_media":1185,"template":"","meta":{"om_disable_all_campaigns":false,"_uag_custom_page_level_css":"","_monsterinsights_skip_tracking":false,"_monsterinsights_sitenote_active":false,"_monsterinsights_sitenote_note":"","_monsterinsights_sitenote_category":0},"product_brand":[],"product_cat":[28],"product_tag":[],"class_list":{"0":"post-1184","1":"product","2":"type-product","3":"status-publish","4":"has-post-thumbnail","6":"product_cat-distro","8":"first","9":"instock","10":"shipping-taxable","11":"purchasable","12":"product-type-simple"},"aioseo_notices":[],"uagb_featured_image_src":{"full":["https:\/\/eye-of-storm.com\/wp-content\/uploads\/2025\/09\/riah-2.jpeg",1600,1577,false],"thumbnail":["https:\/\/eye-of-storm.com\/wp-content\/uploads\/2025\/09\/riah-2-150x150.jpeg",150,150,true],"medium":["https:\/\/eye-of-storm.com\/wp-content\/uploads\/2025\/09\/riah-2-300x296.jpeg",300,296,true],"medium_large":["https:\/\/eye-of-storm.com\/wp-content\/uploads\/2025\/09\/riah-2-768x757.jpeg",768,757,true],"large":["https:\/\/eye-of-storm.com\/wp-content\/uploads\/2025\/09\/riah-2-1024x1009.jpeg",1024,1009,true],"1536x1536":["https:\/\/eye-of-storm.com\/wp-content\/uploads\/2025\/09\/riah-2-1536x1514.jpeg",1536,1514,true],"2048x2048":["https:\/\/eye-of-storm.com\/wp-content\/uploads\/2025\/09\/riah-2.jpeg",1600,1577,false],"trp-custom-language-flag":["https:\/\/eye-of-storm.com\/wp-content\/uploads\/2025\/09\/riah-2-12x12.jpeg",12,12,true],"botiga-extra-large":["https:\/\/eye-of-storm.com\/wp-content\/uploads\/2025\/09\/riah-2-1140x1124.jpeg",1140,1124,true],"botiga-large":["https:\/\/eye-of-storm.com\/wp-content\/uploads\/2025\/09\/riah-2-920x907.jpeg",920,907,true],"botiga-big":["https:\/\/eye-of-storm.com\/wp-content\/uploads\/2025\/09\/riah-2-575x567.jpeg",575,567,true],"botiga-medium":["https:\/\/eye-of-storm.com\/wp-content\/uploads\/2025\/09\/riah-2-380x375.jpeg",380,375,true],"woocommerce_thumbnail":["https:\/\/eye-of-storm.com\/wp-content\/uploads\/2025\/09\/riah-2-700x700.jpeg",700,700,true],"woocommerce_single":["https:\/\/eye-of-storm.com\/wp-content\/uploads\/2025\/09\/riah-2-800x789.jpeg",800,789,true],"woocommerce_gallery_thumbnail":["https:\/\/eye-of-storm.com\/wp-content\/uploads\/2025\/09\/riah-2-100x100.jpeg",100,100,true]},"uagb_author_info":{"display_name":"Test John","author_link":"https:\/\/eye-of-storm.com\/en\/author\/"},"uagb_comment_info":0,"uagb_excerpt":"Post-rock\/post-metal Italien empreint de m\u00e9lancolie. Un mix d'intensit\u00e9 et de d\u00e9licatesse int\u00e9grant violon et saxophone, le tout port\u00e9 par Daniel Loefgren (Suffocate For Fuck Sake) au chant et Magnus Lindberg au Mastering. &nbsp; A Man And His Nature de Ropes Inside A Hole","_links":{"self":[{"href":"https:\/\/eye-of-storm.com\/en\/wp-json\/wp\/v2\/product\/1184","targetHints":{"allow":["GET"]}}],"collection":[{"href":"https:\/\/eye-of-storm.com\/en\/wp-json\/wp\/v2\/product"}],"about":[{"href":"https:\/\/eye-of-storm.com\/en\/wp-json\/wp\/v2\/types\/product"}],"wp:featuredmedia":[{"embeddable":true,"href":"https:\/\/eye-of-storm.com\/en\/wp-json\/wp\/v2\/media\/1185"}],"wp:attachment":[{"href":"https:\/\/eye-of-storm.com\/en\/wp-json\/wp\/v2\/media?parent=1184"}],"wp:term":[{"taxonomy":"product_brand","embeddable":true,"href":"https:\/\/eye-of-storm.com\/en\/wp-json\/wp\/v2\/product_brand?post=1184"},{"taxonomy":"product_cat","embeddable":true,"href":"https:\/\/eye-of-storm.com\/en\/wp-json\/wp\/v2\/product_cat?post=1184"},{"taxonomy":"product_tag","embeddable":true,"href":"https:\/\/eye-of-storm.com\/en\/wp-json\/wp\/v2\/product_tag?post=1184"}],"curies":[{"name":"wp","href":"https:\/\/api.w.org\/{rel}","templated":true}]}}