{"id":1215,"date":"2026-04-05T15:55:54","date_gmt":"2026-04-05T15:55:54","guid":{"rendered":"https:\/\/eye-of-storm.com\/?post_type=product&#038;p=1215"},"modified":"2026-04-14T19:28:02","modified_gmt":"2026-04-14T19:28:02","slug":"orly-on-rouvrira-les-yeux-gatefold-lp","status":"publish","type":"product","link":"https:\/\/eye-of-storm.com\/en\/product\/orly-on-rouvrira-les-yeux-gatefold-lp\/","title":{"rendered":"ORLY &#8211; ON.ROUVRIRA.LES.YEUX &#8211; Gatefold LP"},"content":{"rendered":"<p>First press : 200 units<\/p>\n<p>EXODE.EDITION : 50 units<\/p>\n<p>PURGE.EDITION : 150 units<\/p>","protected":false},"excerpt":{"rendered":"<p>Note : This is a (short) pre-order. Shipping is expected at the end of April (or even earlier if the vinyl records arrive sooner)<\/p>\n<p>&nbsp;<\/p>\n<p>*the attached images are a mock-ups, final result may differ slightly<\/p>","protected":false},"featured_media":1221,"template":"","meta":{"om_disable_all_campaigns":false,"_uag_custom_page_level_css":"","_monsterinsights_skip_tracking":false,"_monsterinsights_sitenote_active":false,"_monsterinsights_sitenote_note":"","_monsterinsights_sitenote_category":0},"product_brand":[],"product_cat":[15],"product_tag":[],"class_list":{"0":"post-1215","1":"product","2":"type-product","3":"status-publish","4":"has-post-thumbnail","6":"product_cat-produits","8":"first","9":"instock","10":"featured","11":"shipping-taxable","12":"purchasable","13":"product-type-variable"},"aioseo_notices":[],"uagb_featured_image_src":{"full":["https:\/\/eye-of-storm.com\/wp-content\/uploads\/2026\/04\/a3593289326_1x1_700.avif",700,700,false],"thumbnail":["https:\/\/eye-of-storm.com\/wp-content\/uploads\/2026\/04\/a3593289326_1x1_700-150x150.avif",150,150,true],"medium":["https:\/\/eye-of-storm.com\/wp-content\/uploads\/2026\/04\/a3593289326_1x1_700-300x300.avif",300,300,true],"medium_large":["https:\/\/eye-of-storm.com\/wp-content\/uploads\/2026\/04\/a3593289326_1x1_700.avif",700,700,false],"large":["https:\/\/eye-of-storm.com\/wp-content\/uploads\/2026\/04\/a3593289326_1x1_700.avif",700,700,false],"1536x1536":["https:\/\/eye-of-storm.com\/wp-content\/uploads\/2026\/04\/a3593289326_1x1_700.avif",700,700,false],"2048x2048":["https:\/\/eye-of-storm.com\/wp-content\/uploads\/2026\/04\/a3593289326_1x1_700.avif",700,700,false],"trp-custom-language-flag":["https:\/\/eye-of-storm.com\/wp-content\/uploads\/2026\/04\/a3593289326_1x1_700-12x12.avif",12,12,true],"botiga-extra-large":["https:\/\/eye-of-storm.com\/wp-content\/uploads\/2026\/04\/a3593289326_1x1_700.avif",700,700,false],"botiga-large":["https:\/\/eye-of-storm.com\/wp-content\/uploads\/2026\/04\/a3593289326_1x1_700.avif",700,700,false],"botiga-big":["https:\/\/eye-of-storm.com\/wp-content\/uploads\/2026\/04\/a3593289326_1x1_700-575x575.avif",575,575,true],"botiga-medium":["https:\/\/eye-of-storm.com\/wp-content\/uploads\/2026\/04\/a3593289326_1x1_700-380x380.avif",380,380,true],"woocommerce_thumbnail":["https:\/\/eye-of-storm.com\/wp-content\/uploads\/2026\/04\/a3593289326_1x1_700.avif",700,700,false],"woocommerce_single":["https:\/\/eye-of-storm.com\/wp-content\/uploads\/2026\/04\/a3593289326_1x1_700.avif",700,700,false],"woocommerce_gallery_thumbnail":["https:\/\/eye-of-storm.com\/wp-content\/uploads\/2026\/04\/a3593289326_1x1_700-100x100.avif",100,100,true]},"uagb_author_info":{"display_name":"Test John","author_link":"https:\/\/eye-of-storm.com\/en\/author\/"},"uagb_comment_info":0,"uagb_excerpt":"Note : Ceci est une (courte) pr\u00e9commande. Exp\u00e9dition pr\u00e9vue fin avril (voire plus t\u00f4t si les vinyles arrivent avant) &nbsp; *les images sont des repr\u00e9sentations\/maquettes, il se peut que le r\u00e9sultat final diff\u00e8re l\u00e9g\u00e8rement","_links":{"self":[{"href":"https:\/\/eye-of-storm.com\/en\/wp-json\/wp\/v2\/product\/1215","targetHints":{"allow":["GET"]}}],"collection":[{"href":"https:\/\/eye-of-storm.com\/en\/wp-json\/wp\/v2\/product"}],"about":[{"href":"https:\/\/eye-of-storm.com\/en\/wp-json\/wp\/v2\/types\/product"}],"wp:featuredmedia":[{"embeddable":true,"href":"https:\/\/eye-of-storm.com\/en\/wp-json\/wp\/v2\/media\/1221"}],"wp:attachment":[{"href":"https:\/\/eye-of-storm.com\/en\/wp-json\/wp\/v2\/media?parent=1215"}],"wp:term":[{"taxonomy":"product_brand","embeddable":true,"href":"https:\/\/eye-of-storm.com\/en\/wp-json\/wp\/v2\/product_brand?post=1215"},{"taxonomy":"product_cat","embeddable":true,"href":"https:\/\/eye-of-storm.com\/en\/wp-json\/wp\/v2\/product_cat?post=1215"},{"taxonomy":"product_tag","embeddable":true,"href":"https:\/\/eye-of-storm.com\/en\/wp-json\/wp\/v2\/product_tag?post=1215"}],"curies":[{"name":"wp","href":"https:\/\/api.w.org\/{rel}","templated":true}]}}