{"id":159,"date":"2025-05-02T09:48:06","date_gmt":"2025-05-02T09:48:06","guid":{"rendered":"http:\/\/eye-of-storm.com\/product\/flower-bed\/"},"modified":"2026-04-06T08:56:27","modified_gmt":"2026-04-06T08:56:27","slug":"tang","status":"publish","type":"product","link":"https:\/\/eye-of-storm.com\/en\/product\/tang\/","title":{"rendered":"TANG &#8211; This Quietness Booms About On The Walls Like Birds In Panic &#8211; Gatefold LP"},"content":{"rendered":"<h4>Pressage limit\u00e9 \u00e0 200 ex :<\/h4>\n<p>130 &#8211; Black\/Blue Fade (Sundown Edition)<\/p>\n<ul>\n<li>105 ex. standard<\/li>\n<li>20 ex. en \u00e9dition limit\u00e9e avec OBI \u00ab\u00a0D\u00e9esse EOS\u00a0\u00bb, scell\u00e9 \u00e0 la cire (silver seal) et num\u00e9rot\u00e9 \u00e0 la main (inclus aux 20 premi\u00e8res commandes)<\/li>\n<li>5 ex. en \u00e9dition limit\u00e9e avec OBI \u00ab\u00a0D\u00e9esse EOS\u00a0\u00bb, scell\u00e9 \u00e0 la cire (golden seal) et num\u00e9rot\u00e9 \u00e0 la main (family &amp; friends)<\/li>\n<\/ul>\n<p>70 &#8211; Blue (Edition Belge, disponible chez Vinyl Ardent)<\/p>\n<hr \/>\n<h4>Pressing limited to 200 :<\/h4>\n<p>130 &#8211; Black\/Blue Fade (Sundown Edition)<\/p>\n<ul>\n<li>105 ex. standard<\/li>\n<li>20 ex. in limited edition with \u00ab\u00a0EOS Goddess\u00a0\u00bb OBI , wax sealed \u00a0(silver seal) and hand-numbered (included to the 20 first orders)<\/li>\n<li>5 ex. in limited edition with \u00ab\u00a0EOS Goddess\u00a0\u00bb OBI , wax sealed \u00a0(golden seal) and hand-numbered (family &amp; friends)<\/li>\n<\/ul>\n<p>70 &#8211; Blue (Belgium Edition, available at Vinyl Ardent)<\/p>","protected":false},"excerpt":{"rendered":"<p>For the first time on vinyl ! (shipping beginning of July)<\/p>\n<p>&nbsp;<\/p>\n<p>12\" LP, Gatefold, \u00ab\u00a0Sundwon Edition\u00a0\u00bb, ltd 150 \u00a0(see details in the description section below)<\/p>\n<p>&nbsp;<\/p>\n<p>*the attached image is a mockup, final result may differ form the image<\/p>\n<p>&nbsp;<\/p>\n<p><iframe style=\"border: 0; width: 100%; height: 120px;\" src=\"https:\/\/bandcamp.com\/EmbeddedPlayer\/album=1248034415\/size=large\/bgcol=ffffff\/linkcol=0687f5\/tracklist=false\/artwork=small\/transparent=true\/\" seamless=\"\"><a href=\"https:\/\/eyeofstormrecords.bandcamp.com\/album\/tang-this-quietness-booms-about-on-the-walls-like-birds-in-panic\">Tang &#8211; This Quietness Booms About On The Walls Like Birds In Panic by Eye Of Storm Records<\/a><\/iframe><\/p>","protected":false},"featured_media":916,"template":"","meta":{"om_disable_all_campaigns":false,"_uag_custom_page_level_css":"","_monsterinsights_skip_tracking":false,"_monsterinsights_sitenote_active":false,"_monsterinsights_sitenote_note":"","_monsterinsights_sitenote_category":0},"product_brand":[],"product_cat":[15],"product_tag":[],"class_list":{"0":"post-159","1":"product","2":"type-product","3":"status-publish","4":"has-post-thumbnail","6":"product_cat-produits","8":"first","9":"instock","10":"featured","11":"shipping-taxable","12":"purchasable","13":"product-type-variable","14":"has-default-attributes"},"aioseo_notices":[],"uagb_featured_image_src":{"full":["https:\/\/eye-of-storm.com\/wp-content\/uploads\/2025\/05\/Capture-decran-2025-06-18-a-22.22.55.png",1260,1248,false],"thumbnail":["https:\/\/eye-of-storm.com\/wp-content\/uploads\/2025\/05\/Capture-decran-2025-06-18-a-22.22.55.png",150,150,false],"medium":["https:\/\/eye-of-storm.com\/wp-content\/uploads\/2025\/05\/Capture-decran-2025-06-18-a-22.22.55.png",300,297,false],"medium_large":["https:\/\/eye-of-storm.com\/wp-content\/uploads\/2025\/05\/Capture-decran-2025-06-18-a-22.22.55.png",768,761,false],"large":["https:\/\/eye-of-storm.com\/wp-content\/uploads\/2025\/05\/Capture-decran-2025-06-18-a-22.22.55.png",1024,1014,false],"1536x1536":["https:\/\/eye-of-storm.com\/wp-content\/uploads\/2025\/05\/Capture-decran-2025-06-18-a-22.22.55.png",1260,1248,false],"2048x2048":["https:\/\/eye-of-storm.com\/wp-content\/uploads\/2025\/05\/Capture-decran-2025-06-18-a-22.22.55.png",1260,1248,false],"trp-custom-language-flag":["https:\/\/eye-of-storm.com\/wp-content\/uploads\/2025\/05\/Capture-decran-2025-06-18-a-22.22.55.png",12,12,false],"botiga-extra-large":["https:\/\/eye-of-storm.com\/wp-content\/uploads\/2025\/05\/Capture-decran-2025-06-18-a-22.22.55.png",1140,1129,false],"botiga-large":["https:\/\/eye-of-storm.com\/wp-content\/uploads\/2025\/05\/Capture-decran-2025-06-18-a-22.22.55.png",920,911,false],"botiga-big":["https:\/\/eye-of-storm.com\/wp-content\/uploads\/2025\/05\/Capture-decran-2025-06-18-a-22.22.55.png",575,570,false],"botiga-medium":["https:\/\/eye-of-storm.com\/wp-content\/uploads\/2025\/05\/Capture-decran-2025-06-18-a-22.22.55.png",380,376,false],"woocommerce_thumbnail":["https:\/\/eye-of-storm.com\/wp-content\/uploads\/2025\/05\/Capture-decran-2025-06-18-a-22.22.55-700x700.png",700,700,true],"woocommerce_single":["https:\/\/eye-of-storm.com\/wp-content\/uploads\/2025\/05\/Capture-decran-2025-06-18-a-22.22.55-800x792.png",800,792,true],"woocommerce_gallery_thumbnail":["https:\/\/eye-of-storm.com\/wp-content\/uploads\/2025\/05\/Capture-decran-2025-06-18-a-22.22.55-100x100.png",100,100,true]},"uagb_author_info":{"display_name":"Kevin","author_link":"https:\/\/eye-of-storm.com\/en\/author\/"},"uagb_comment_info":0,"uagb_excerpt":"Pour la premi\u00e8re fois en vinyl ! (exp\u00e9ditions pr\u00e9vues d\u00e9but Juillet) &nbsp; 12\" LP, Gatefold, \"Sundwon Edition\", ltd 150 \u00a0(voir d\u00e9tails dans la description dessous) &nbsp; *l'image ci-jointe est une repr\u00e9sentation\/maquette, il se peut que le r\u00e9sultat final diff\u00e8re &nbsp; Tang - This Quietness Booms About On The Walls Like Birds In Panic by Eye&hellip;","_links":{"self":[{"href":"https:\/\/eye-of-storm.com\/en\/wp-json\/wp\/v2\/product\/159","targetHints":{"allow":["GET"]}}],"collection":[{"href":"https:\/\/eye-of-storm.com\/en\/wp-json\/wp\/v2\/product"}],"about":[{"href":"https:\/\/eye-of-storm.com\/en\/wp-json\/wp\/v2\/types\/product"}],"wp:featuredmedia":[{"embeddable":true,"href":"https:\/\/eye-of-storm.com\/en\/wp-json\/wp\/v2\/media\/916"}],"wp:attachment":[{"href":"https:\/\/eye-of-storm.com\/en\/wp-json\/wp\/v2\/media?parent=159"}],"wp:term":[{"taxonomy":"product_brand","embeddable":true,"href":"https:\/\/eye-of-storm.com\/en\/wp-json\/wp\/v2\/product_brand?post=159"},{"taxonomy":"product_cat","embeddable":true,"href":"https:\/\/eye-of-storm.com\/en\/wp-json\/wp\/v2\/product_cat?post=159"},{"taxonomy":"product_tag","embeddable":true,"href":"https:\/\/eye-of-storm.com\/en\/wp-json\/wp\/v2\/product_tag?post=159"}],"curies":[{"name":"wp","href":"https:\/\/api.w.org\/{rel}","templated":true}]}}